{"id":99,"date":"2024-11-16T16:37:01","date_gmt":"2024-11-16T15:37:01","guid":{"rendered":"https:\/\/www.innorail.fr\/?page_id=99"},"modified":"2024-11-16T16:37:23","modified_gmt":"2024-11-16T15:37:23","slug":"les-articles","status":"publish","type":"page","link":"https:\/\/www.innorail.fr\/index.php\/les-articles\/","title":{"rendered":"Les articles"},"content":{"rendered":"<ul class=\"wp-block-latest-posts__list wp-block-latest-posts\"><li><a class=\"wp-block-latest-posts__post-title\" href=\"https:\/\/www.innorail.fr\/index.php\/2024\/11\/16\/matlab-expo-2024\/\">Matlab Expo 2024<\/a><\/li>\n<li><a class=\"wp-block-latest-posts__post-title\" href=\"https:\/\/www.innorail.fr\/index.php\/2024\/11\/16\/analyse-de-risque-de-cybersecurite-supporte-par-la-methode-mbse\/\">Analyse de risque de cybers\u00e9curit\u00e9 support\u00e9 par la m\u00e9thode MBSE<\/a><\/li>\n<li><a class=\"wp-block-latest-posts__post-title\" href=\"https:\/\/www.innorail.fr\/index.php\/2024\/11\/16\/test\/\">Why you need MBSE<\/a><\/li>\n<\/ul>","protected":false},"excerpt":{"rendered":"","protected":false},"author":1,"featured_media":0,"parent":0,"menu_order":0,"comment_status":"closed","ping_status":"closed","template":"","meta":{"footnotes":""},"class_list":["post-99","page","type-page","status-publish"],"_links":{"self":[{"href":"https:\/\/www.innorail.fr\/index.php\/wp-json\/wp\/v2\/pages\/99","targetHints":{"allow":["GET"]}}],"collection":[{"href":"https:\/\/www.innorail.fr\/index.php\/wp-json\/wp\/v2\/pages"}],"about":[{"href":"https:\/\/www.innorail.fr\/index.php\/wp-json\/wp\/v2\/types\/page"}],"author":[{"embeddable":true,"href":"https:\/\/www.innorail.fr\/index.php\/wp-json\/wp\/v2\/users\/1"}],"replies":[{"embeddable":true,"href":"https:\/\/www.innorail.fr\/index.php\/wp-json\/wp\/v2\/comments?post=99"}],"version-history":[{"count":2,"href":"https:\/\/www.innorail.fr\/index.php\/wp-json\/wp\/v2\/pages\/99\/revisions"}],"predecessor-version":[{"id":101,"href":"https:\/\/www.innorail.fr\/index.php\/wp-json\/wp\/v2\/pages\/99\/revisions\/101"}],"wp:attachment":[{"href":"https:\/\/www.innorail.fr\/index.php\/wp-json\/wp\/v2\/media?parent=99"}],"curies":[{"name":"wp","href":"https:\/\/api.w.org\/{rel}","templated":true}]}}